{"id":77,"date":"2022-08-15T15:19:09","date_gmt":"2022-08-15T13:19:09","guid":{"rendered":"http:\/\/s437530409.online.de\/wp\/?page_id=77"},"modified":"2022-09-14T12:44:55","modified_gmt":"2022-09-14T10:44:55","slug":"spenden","status":"publish","type":"page","link":"https:\/\/brueckehamburg.de\/ru\/spenden\/","title":{"rendered":"\u041f\u043e\u0436\u0435\u0440\u0442\u0432\u043e\u0432\u0430\u043d\u0438\u044f"},"content":{"rendered":"<div class=\"wp-block-group\"><div class=\"wp-block-group__inner-container is-layout-flow wp-block-group-is-layout-flow\">\n<p><strong>Br\u00fccke e.V. \u044f\u0432\u043b\u044f\u0435\u0442\u0441\u044f \u043d\u0435\u043a\u043e\u043c\u043c\u0435\u0440\u0447\u0435\u0441\u043a\u0438\u043c \u043e\u0431\u0449\u0435\u0441\u0442\u0432\u043e\u043c.<\/strong><br>\u0412\u0441\u0435 \u0432\u0437\u043d\u043e\u0441\u044b \u0438\u0434\u0443\u0442 \u043d\u0430 \u0446\u0435\u043b\u0438 \u043e\u0431\u0449\u0435\u0441\u0442\u0432\u0430 \u0438 \u0440\u0430\u0431\u043e\u0442\u0443 \u0441 \u0434\u0435\u0442\u044c\u043c\u0438. \u0410\u0434\u043c\u0438\u043d\u0438\u0441\u0442\u0440\u0430\u0442\u0438\u0432\u043d\u044b\u0435 \u0440\u0430\u0441\u0445\u043e\u0434\u044b \u043c\u0438\u043d\u0438\u043c\u0430\u043b\u044c\u043d\u044b, \u043f\u043e\u0441\u043a\u043e\u043b\u044c\u043a\u0443 \u043e\u0431\u0449\u0435\u0441\u0442\u0432\u043e \u0440\u0430\u0431\u043e\u0442\u0430\u0435\u0442 \u043d\u0430 \u0434\u043e\u0431\u0440\u043e\u0432\u043e\u043b\u044c\u043d\u043e\u0439 \u043e\u0441\u043d\u043e\u0432\u0435 \u0438 \u043d\u0435 \u0441\u043e\u0434\u0435\u0440\u0436\u0438\u0442 \u043e\u0444\u0438\u0441\u0430.<\/p>\n\n\n\n<p>\u041d\u0430\u0448\u0430 \u0446\u0435\u043b\u044c - \u043f\u043e\u0437\u043d\u0430\u043a\u043e\u043c\u0438\u0442\u044c \u043a\u0430\u043a \u043c\u043e\u0436\u043d\u043e \u0431\u043e\u043b\u044c\u0448\u0435 \u0434\u0435\u0442\u0435\u0439 \u0441 \u0440\u0443\u0441\u0441\u043a\u0438\u043c \u044f\u0437\u044b\u043a\u043e\u043c \u0441 \u043f\u043e\u043c\u043e\u0449\u044c\u044e \u043a\u0432\u0430\u043b\u0438\u0444\u0438\u0446\u0438\u0440\u043e\u0432\u0430\u043d\u043d\u044b\u0445 \u0438 \u043f\u0440\u043e\u0444\u0435\u0441\u0441\u0438\u043e\u043d\u0430\u043b\u044c\u043d\u044b\u0445 \u043f\u0440\u0435\u043f\u043e\u0434\u0430\u0432\u0430\u0442\u0435\u043b\u0435\u0439 \u0438 \u0442\u0430\u043a\u0438\u043c \u043e\u0431\u0440\u0430\u0437\u043e\u043c \u043e\u0431\u0435\u0441\u043f\u0435\u0447\u0438\u0442\u044c \u043f\u0440\u0430\u043a\u0442\u0438\u0447\u0435\u0441\u043a\u0443\u044e \u0438\u043d\u0442\u0435\u0433\u0440\u0430\u0446\u0438\u044e \u0438 \u043c\u0438\u0440\u043d\u043e\u0435 \u0441\u043e\u0441\u0443\u0449\u0435\u0441\u0442\u0432\u043e\u0432\u0430\u043d\u0438\u0435.<\/p>\n\n\n\n<p><\/p>\n<\/div><\/div>\n\n\n\n<blockquote class=\"wp-block-quote has-small-font-size is-layout-flow wp-block-quote-is-layout-flow\"><p><strong>\u041c\u044b \u043e\u0447\u0435\u043d\u044c \u0440\u0430\u0434\u044b \u043f\u043e\u0436\u0435\u0440\u0442\u0432\u043e\u0432\u0430\u043d\u0438\u044f\u043c!<\/strong><\/p><p>\u0412\u044b \u043c\u043e\u0436\u0435\u0442\u0435 \u0441\u0434\u0435\u043b\u0430\u0442\u044c \u043f\u043e\u0436\u0435\u0440\u0442\u0432\u043e\u0432\u0430\u043d\u0438\u0435 \u043d\u0430 \u0441\u0447\u0435\u0442:<\/p><p>Br\u00fccke e.V.<\/p><p>IBAN: DE17 2004 0000 0532 0759 00<\/p><p>BIC: COBADEFFXXX<\/p><p><\/p><\/blockquote>\n\n\n\n<pre class=\"wp-block-verse\"><strong>\u041f\u043e\u0436\u0435\u0440\u0442\u0432\u043e\u0432\u0430\u043d\u0438\u044f \u043f\u043e\u0434\u043b\u0435\u0436\u0430\u0442 \u0432\u044b\u0447\u0435\u0442\u0443 \u0438\u0437 \u043d\u0430\u043b\u043e\u0433\u043e\u043e\u0431\u043b\u0430\u0433\u0430\u0435\u043c\u043e\u0439 \u0441\u0443\u043c\u043c\u044b! \u0412\u044b \u043f\u043e\u043b\u0443\u0447\u0438\u0442\u0435 \u043a\u0432\u0438\u0442\u0430\u043d\u0446\u0438\u044e \u043e \u043f\u043e\u0436\u0435\u0440\u0442\u0432\u043e\u0432\u0430\u043d\u0438\u0438.<\/strong><\/pre>","protected":false},"excerpt":{"rendered":"<p>Br\u00fccke e.V. ist ein gemeinn\u00fctziger Verein.Alle Beitr\u00e4ge flie\u00dfen in die Vereinsziele und die Arbeit mit den Kindern. Die Verwaltungskosten sind minimal, da der Verein ehrenamtlich gef\u00fchrt wird und keine Gesch\u00e4ftsstelle [&hellip;]<\/p>","protected":false},"author":2,"featured_media":0,"parent":0,"menu_order":0,"comment_status":"closed","ping_status":"closed","template":"","meta":{"_EventAllDay":false,"_EventTimezone":"","_EventStartDate":"","_EventEndDate":"","_EventStartDateUTC":"","_EventEndDateUTC":"","_EventShowMap":false,"_EventShowMapLink":false,"_EventURL":"","_EventCost":"","_EventCostDescription":"","_EventCurrencySymbol":"","_EventCurrencyCode":"","_EventCurrencyPosition":"","_EventDateTimeSeparator":"","_EventTimeRangeSeparator":"","_EventOrganizerID":[],"_EventVenueID":[],"_OrganizerEmail":"","_OrganizerPhone":"","_OrganizerWebsite":"","_VenueAddress":"","_VenueCity":"","_VenueCountry":"","_VenueProvince":"","_VenueState":"","_VenueZip":"","_VenuePhone":"","_VenueURL":"","_VenueStateProvince":"","_VenueLat":"","_VenueLng":"","_VenueShowMap":false,"_VenueShowMapLink":false,"footnotes":""},"class_list":["post-77","page","type-page","status-publish","hentry"],"_links":{"self":[{"href":"https:\/\/brueckehamburg.de\/ru\/wp-json\/wp\/v2\/pages\/77","targetHints":{"allow":["GET"]}}],"collection":[{"href":"https:\/\/brueckehamburg.de\/ru\/wp-json\/wp\/v2\/pages"}],"about":[{"href":"https:\/\/brueckehamburg.de\/ru\/wp-json\/wp\/v2\/types\/page"}],"author":[{"embeddable":true,"href":"https:\/\/brueckehamburg.de\/ru\/wp-json\/wp\/v2\/users\/2"}],"replies":[{"embeddable":true,"href":"https:\/\/brueckehamburg.de\/ru\/wp-json\/wp\/v2\/comments?post=77"}],"version-history":[{"count":9,"href":"https:\/\/brueckehamburg.de\/ru\/wp-json\/wp\/v2\/pages\/77\/revisions"}],"predecessor-version":[{"id":563,"href":"https:\/\/brueckehamburg.de\/ru\/wp-json\/wp\/v2\/pages\/77\/revisions\/563"}],"wp:attachment":[{"href":"https:\/\/brueckehamburg.de\/ru\/wp-json\/wp\/v2\/media?parent=77"}],"curies":[{"name":"wp","href":"https:\/\/api.w.org\/{rel}","templated":true}]}}